{"id":10,"date":"2025-04-29T17:02:53","date_gmt":"2025-04-29T15:02:53","guid":{"rendered":"https:\/\/epem.org\/?page_id=10"},"modified":"2025-06-12T20:43:55","modified_gmt":"2025-06-12T18:43:55","slug":"epem-bases-doctrinales","status":"publish","type":"page","link":"https:\/\/epem.org\/index.php\/epem-bases-doctrinales\/","title":{"rendered":"Nos bases doctrinales"},"content":{"rendered":"\n<p><strong>Bases doctrinales<\/strong><\/p>\n\n\n\n<p>L\u2019EPEM ainsi que les \u00c9glises qui la composent affirment que la Bible est la source et le crit\u00e8re fondamental de la doctrine chr\u00e9tienne.<\/p>\n\n\n\n<p>Elles reconnaissent les&nbsp;confessions de foi m\u00e9thodistes historiques issues du R\u00e8glement de l\u2019\u00c9glise (Pages 43 \u00e0 52 du R.E. de l\u2019UMC 2013) et adh\u00e8rent \u00e0 celle de l\u2019Alliance \u00c9vang\u00e9lique reprise par le CNEF (cf en annexe).<\/p>\n\n\n\n<p>Dans les \u00c9glises de l\u2019EPEM, le&nbsp;bapt\u00eame des croyants est la pratique usuelle (cf en annexe&nbsp;: <strong>\u201cDispositions particuli\u00e8res\u201d <\/strong>1998)<\/p>\n\n\n\n<p>L\u2019EPEM se r\u00e9f\u00e8re au RE 2013 pour ce qui est des fondements doctrinaux, des Principes g\u00e9n\u00e9raux et sociaux et de sa mission th\u00e9ologique (cf. p.25-106 du RE 2013).<\/p>\n","protected":false},"excerpt":{"rendered":"<p>Bases doctrinales L\u2019EPEM ainsi que les \u00c9glises qui la composent affirment que la Bible est la source et le crit\u00e8re fondamental de la doctrine chr\u00e9tienne. Elles reconnaissent les&nbsp;confessions de foi m\u00e9thodistes historiques issues du R\u00e8glement de l\u2019\u00c9glise (Pages 43 \u00e0 52 du R.E. de l\u2019UMC 2013) et adh\u00e8rent \u00e0 celle de l\u2019Alliance \u00c9vang\u00e9lique reprise par [&hellip;]<\/p>\n","protected":false},"author":1,"featured_media":0,"parent":0,"menu_order":0,"comment_status":"closed","ping_status":"closed","template":"elementor_theme","meta":{"ocean_post_layout":"","ocean_both_sidebars_style":"","ocean_both_sidebars_content_width":0,"ocean_both_sidebars_sidebars_width":0,"ocean_sidebar":"","ocean_second_sidebar":"","ocean_disable_margins":"enable","ocean_add_body_class":"","ocean_shortcode_before_top_bar":"","ocean_shortcode_after_top_bar":"","ocean_shortcode_before_header":"","ocean_shortcode_after_header":"","ocean_has_shortcode":"","ocean_shortcode_after_title":"","ocean_shortcode_before_footer_widgets":"","ocean_shortcode_after_footer_widgets":"","ocean_shortcode_before_footer_bottom":"","ocean_shortcode_after_footer_bottom":"","ocean_display_top_bar":"default","ocean_display_header":"default","ocean_header_style":"","ocean_center_header_left_menu":"","ocean_custom_header_template":"","ocean_custom_logo":0,"ocean_custom_retina_logo":0,"ocean_custom_logo_max_width":0,"ocean_custom_logo_tablet_max_width":0,"ocean_custom_logo_mobile_max_width":0,"ocean_custom_logo_max_height":0,"ocean_custom_logo_tablet_max_height":0,"ocean_custom_logo_mobile_max_height":0,"ocean_header_custom_menu":"","ocean_menu_typo_font_family":"","ocean_menu_typo_font_subset":"","ocean_menu_typo_font_size":0,"ocean_menu_typo_font_size_tablet":0,"ocean_menu_typo_font_size_mobile":0,"ocean_menu_typo_font_size_unit":"px","ocean_menu_typo_font_weight":"","ocean_menu_typo_font_weight_tablet":"","ocean_menu_typo_font_weight_mobile":"","ocean_menu_typo_transform":"","ocean_menu_typo_transform_tablet":"","ocean_menu_typo_transform_mobile":"","ocean_menu_typo_line_height":0,"ocean_menu_typo_line_height_tablet":0,"ocean_menu_typo_line_height_mobile":0,"ocean_menu_typo_line_height_unit":"","ocean_menu_typo_spacing":0,"ocean_menu_typo_spacing_tablet":0,"ocean_menu_typo_spacing_mobile":0,"ocean_menu_typo_spacing_unit":"","ocean_menu_link_color":"","ocean_menu_link_color_hover":"","ocean_menu_link_color_active":"","ocean_menu_link_background":"","ocean_menu_link_hover_background":"","ocean_menu_link_active_background":"","ocean_menu_social_links_bg":"","ocean_menu_social_hover_links_bg":"","ocean_menu_social_links_color":"","ocean_menu_social_hover_links_color":"","ocean_disable_title":"default","ocean_disable_heading":"default","ocean_post_title":"","ocean_post_subheading":"","ocean_post_title_style":"","ocean_post_title_background_color":"","ocean_post_title_background":0,"ocean_post_title_bg_image_position":"","ocean_post_title_bg_image_attachment":"","ocean_post_title_bg_image_repeat":"","ocean_post_title_bg_image_size":"","ocean_post_title_height":0,"ocean_post_title_bg_overlay":0.5,"ocean_post_title_bg_overlay_color":"","ocean_disable_breadcrumbs":"default","ocean_breadcrumbs_color":"","ocean_breadcrumbs_separator_color":"","ocean_breadcrumbs_links_color":"","ocean_breadcrumbs_links_hover_color":"","ocean_display_footer_widgets":"default","ocean_display_footer_bottom":"default","ocean_custom_footer_template":"","osh_disable_topbar_sticky":"default","osh_disable_header_sticky":"default","osh_sticky_header_style":"default","osh_sticky_header_effect":"","osh_custom_sticky_logo":0,"osh_custom_retina_sticky_logo":0,"osh_custom_sticky_logo_height":0,"osh_background_color":"","osh_links_color":"","osh_links_hover_color":"","osh_links_active_color":"","osh_links_bg_color":"","osh_links_hover_bg_color":"","osh_links_active_bg_color":"","osh_menu_social_links_color":"","osh_menu_social_hover_links_color":"","footnotes":""},"class_list":["post-10","page","type-page","status-publish","hentry","entry"],"_links":{"self":[{"href":"https:\/\/epem.org\/index.php\/wp-json\/wp\/v2\/pages\/10","targetHints":{"allow":["GET"]}}],"collection":[{"href":"https:\/\/epem.org\/index.php\/wp-json\/wp\/v2\/pages"}],"about":[{"href":"https:\/\/epem.org\/index.php\/wp-json\/wp\/v2\/types\/page"}],"author":[{"embeddable":true,"href":"https:\/\/epem.org\/index.php\/wp-json\/wp\/v2\/users\/1"}],"replies":[{"embeddable":true,"href":"https:\/\/epem.org\/index.php\/wp-json\/wp\/v2\/comments?post=10"}],"version-history":[{"count":3,"href":"https:\/\/epem.org\/index.php\/wp-json\/wp\/v2\/pages\/10\/revisions"}],"predecessor-version":[{"id":448,"href":"https:\/\/epem.org\/index.php\/wp-json\/wp\/v2\/pages\/10\/revisions\/448"}],"wp:attachment":[{"href":"https:\/\/epem.org\/index.php\/wp-json\/wp\/v2\/media?parent=10"}],"curies":[{"name":"wp","href":"https:\/\/api.w.org\/{rel}","templated":true}]}}