{"id":35,"date":"2025-04-29T19:17:27","date_gmt":"2025-04-29T17:17:27","guid":{"rendered":"https:\/\/epem.org\/?page_id=35"},"modified":"2025-07-29T03:50:09","modified_gmt":"2025-07-29T01:50:09","slug":"recherche-pasteur-bischwiller","status":"publish","type":"page","link":"https:\/\/epem.org\/index.php\/recherche-pasteur-bischwiller\/","title":{"rendered":"RECHERCHE PASTEUR"},"content":{"rendered":"\n<p><strong>L\u2019\u00c9glise Protestante \u00c9vang\u00e9lique M\u00e9thodiste (EPEM) pour son<\/strong> <strong>\u00c9glise de Bischwiller (Bas Rhin \u2013 67)<\/strong><\/p>\n\n\n\n<p><strong>RECHERCHE PASTEUR<\/strong><\/p>\n\n\n\n<p>\u00c0 Bischwiller (67240), \u00e0 25 km de Strasbourg, 13000 habitants, l\u2019\u00c9glise \u00c9vang\u00e9lique Tabor recherche activement un pasteur pour poursuivre sa croissance et son t\u00e9moignage de J\u00e9sus-Christ. L\u2019\u00c9glise, pr\u00e9sente au centre ville depuis plus de 100 ans, actuellement en phase de redynamisation, est constitu\u00e9e d\u2019environ 50 personnes. C\u2019est une communaut\u00e9 multiculturelle et riche en arri\u00e8re-plans spirituels. Elle collabore avec les 3 \u00c9glises \u00e9vang\u00e9liques et l\u2019\u00c9glise protestante de la ville.<\/p>\n\n\n\n<p>L\u2019\u00c9glise \u00c9vang\u00e9lique Tabor est membre de l\u2019\u00c9glise Protestante \u00c9vang\u00e9lique M\u00e9thodiste (EPEM), nouvelle union de 9 \u00c9glises en France, issues du r\u00e9veil m\u00e9thodiste, et attach\u00e9es aux valeurs bibliques traditionnelles. Fond\u00e9es sur la Bible, ces \u00c9glises ont pour mission de favoriser la croissance des croyants dans leur foi, leur pi\u00e9t\u00e9 et leur vie de disciples de Christ, et de proclamer \u00e0 tous, \u00e0 travers les paroles et les actes, l\u2019\u00c9vangile de la r\u00e9conciliation avec Dieu en Christ.<\/p>\n\n\n\n<p><em>Profil du pasteur<\/em><\/p>\n\n\n\n<ul class=\"wp-block-list\">\n<li>Avoir une connaissance approfondie des \u00c9critures, de formation Licence\/Bachelor minimum en facult\u00e9 de th\u00e9ologie ou institut biblique.<\/li>\n\n\n\n<li>Capacit\u00e9 \u00e0 travailler en \u00e9quipe avec le conseil de l\u2019\u00c9glise et les divers responsables de groupes.<\/li>\n\n\n\n<li>Ouvert \u00e0 la collaboration avec les autres \u00c9glises de la r\u00e9gion.<\/li>\n\n\n\n<li>De fortes qualit\u00e9s relationnelles et d\u2019\u00e9coute.<\/li>\n<\/ul>\n\n\n\n<p><em>Missions principales<\/em><\/p>\n\n\n\n<ul class=\"wp-block-list\">\n<li>Mise en place d\u2019une vision ou d\u2019un projet d\u2019\u00c9glise : pour la jeunesse, les familles, redynamisation et \u00e9vang\u00e9lisation.<\/li>\n\n\n\n<li>Dans le cadre du travail du groupe \u00ab Solidarit\u00e9 \u00bb, le pasteur participe \u00e0 l\u2019accompagnement de personnes dans le besoin, notamment quelques familles \u00e9trang\u00e8res.<\/li>\n\n\n\n<li>Poursuivre et d\u00e9velopper la collaboration avec l\u2019\u00c9glise \u00c9vang\u00e9lique Franco-Cambodgienne qui partage les m\u00eames locaux.<\/li>\n<\/ul>\n\n\n\n<p><em>R\u00e9mun\u00e9ration<\/em><\/p>\n\n\n\n<ul class=\"wp-block-list\">\n<li>Selon grille de l\u2019\u00c9glise Protestante \u00c9vang\u00e9lique M\u00e9thodiste (EPEM)<\/li>\n\n\n\n<li>Appartement F5\/6 sur-place au 2e \u00e9tage, avec prise en charge des frais d\u2019\u00e9lectricit\u00e9, d\u2019eau &#8230;<\/li>\n<\/ul>\n\n\n\n<p><em>Contact<\/em><\/p>\n\n\n\n<ul class=\"wp-block-list\">\n<li>Fournir CV et lettre de motivation par mail \u00e0&nbsp;: <a href=\"mailto:candidature@epem.org\">candidature@epem.org<\/a><\/li>\n<\/ul>\n","protected":false},"excerpt":{"rendered":"<p>L\u2019\u00c9glise Protestante \u00c9vang\u00e9lique M\u00e9thodiste (EPEM) pour son \u00c9glise de Bischwiller (Bas Rhin \u2013 67) RECHERCHE PASTEUR \u00c0 Bischwiller (67240), \u00e0 25 km de Strasbourg, 13000 habitants, l\u2019\u00c9glise \u00c9vang\u00e9lique Tabor recherche activement un pasteur pour poursuivre sa croissance et son t\u00e9moignage de J\u00e9sus-Christ. L\u2019\u00c9glise, pr\u00e9sente au centre ville depuis plus de 100 ans, actuellement en phase [&hellip;]<\/p>\n","protected":false},"author":1,"featured_media":0,"parent":0,"menu_order":0,"comment_status":"closed","ping_status":"closed","template":"elementor_theme","meta":{"ocean_post_layout":"","ocean_both_sidebars_style":"","ocean_both_sidebars_content_width":0,"ocean_both_sidebars_sidebars_width":0,"ocean_sidebar":"","ocean_second_sidebar":"","ocean_disable_margins":"enable","ocean_add_body_class":"","ocean_shortcode_before_top_bar":"","ocean_shortcode_after_top_bar":"","ocean_shortcode_before_header":"","ocean_shortcode_after_header":"","ocean_has_shortcode":"","ocean_shortcode_after_title":"","ocean_shortcode_before_footer_widgets":"","ocean_shortcode_after_footer_widgets":"","ocean_shortcode_before_footer_bottom":"","ocean_shortcode_after_footer_bottom":"","ocean_display_top_bar":"default","ocean_display_header":"default","ocean_header_style":"","ocean_center_header_left_menu":"","ocean_custom_header_template":"","ocean_custom_logo":0,"ocean_custom_retina_logo":0,"ocean_custom_logo_max_width":0,"ocean_custom_logo_tablet_max_width":0,"ocean_custom_logo_mobile_max_width":0,"ocean_custom_logo_max_height":0,"ocean_custom_logo_tablet_max_height":0,"ocean_custom_logo_mobile_max_height":0,"ocean_header_custom_menu":"","ocean_menu_typo_font_family":"","ocean_menu_typo_font_subset":"","ocean_menu_typo_font_size":0,"ocean_menu_typo_font_size_tablet":0,"ocean_menu_typo_font_size_mobile":0,"ocean_menu_typo_font_size_unit":"px","ocean_menu_typo_font_weight":"","ocean_menu_typo_font_weight_tablet":"","ocean_menu_typo_font_weight_mobile":"","ocean_menu_typo_transform":"","ocean_menu_typo_transform_tablet":"","ocean_menu_typo_transform_mobile":"","ocean_menu_typo_line_height":0,"ocean_menu_typo_line_height_tablet":0,"ocean_menu_typo_line_height_mobile":0,"ocean_menu_typo_line_height_unit":"","ocean_menu_typo_spacing":0,"ocean_menu_typo_spacing_tablet":0,"ocean_menu_typo_spacing_mobile":0,"ocean_menu_typo_spacing_unit":"","ocean_menu_link_color":"","ocean_menu_link_color_hover":"","ocean_menu_link_color_active":"","ocean_menu_link_background":"","ocean_menu_link_hover_background":"","ocean_menu_link_active_background":"","ocean_menu_social_links_bg":"","ocean_menu_social_hover_links_bg":"","ocean_menu_social_links_color":"","ocean_menu_social_hover_links_color":"","ocean_disable_title":"default","ocean_disable_heading":"default","ocean_post_title":"","ocean_post_subheading":"","ocean_post_title_style":"","ocean_post_title_background_color":"","ocean_post_title_background":0,"ocean_post_title_bg_image_position":"","ocean_post_title_bg_image_attachment":"","ocean_post_title_bg_image_repeat":"","ocean_post_title_bg_image_size":"","ocean_post_title_height":0,"ocean_post_title_bg_overlay":0.5,"ocean_post_title_bg_overlay_color":"","ocean_disable_breadcrumbs":"default","ocean_breadcrumbs_color":"","ocean_breadcrumbs_separator_color":"","ocean_breadcrumbs_links_color":"","ocean_breadcrumbs_links_hover_color":"","ocean_display_footer_widgets":"default","ocean_display_footer_bottom":"default","ocean_custom_footer_template":"","osh_disable_topbar_sticky":"default","osh_disable_header_sticky":"default","osh_sticky_header_style":"default","osh_sticky_header_effect":"","osh_custom_sticky_logo":0,"osh_custom_retina_sticky_logo":0,"osh_custom_sticky_logo_height":0,"osh_background_color":"","osh_links_color":"","osh_links_hover_color":"","osh_links_active_color":"","osh_links_bg_color":"","osh_links_hover_bg_color":"","osh_links_active_bg_color":"","osh_menu_social_links_color":"","osh_menu_social_hover_links_color":"","footnotes":""},"class_list":["post-35","page","type-page","status-publish","hentry","entry"],"_links":{"self":[{"href":"https:\/\/epem.org\/index.php\/wp-json\/wp\/v2\/pages\/35","targetHints":{"allow":["GET"]}}],"collection":[{"href":"https:\/\/epem.org\/index.php\/wp-json\/wp\/v2\/pages"}],"about":[{"href":"https:\/\/epem.org\/index.php\/wp-json\/wp\/v2\/types\/page"}],"author":[{"embeddable":true,"href":"https:\/\/epem.org\/index.php\/wp-json\/wp\/v2\/users\/1"}],"replies":[{"embeddable":true,"href":"https:\/\/epem.org\/index.php\/wp-json\/wp\/v2\/comments?post=35"}],"version-history":[{"count":6,"href":"https:\/\/epem.org\/index.php\/wp-json\/wp\/v2\/pages\/35\/revisions"}],"predecessor-version":[{"id":457,"href":"https:\/\/epem.org\/index.php\/wp-json\/wp\/v2\/pages\/35\/revisions\/457"}],"wp:attachment":[{"href":"https:\/\/epem.org\/index.php\/wp-json\/wp\/v2\/media?parent=35"}],"curies":[{"name":"wp","href":"https:\/\/api.w.org\/{rel}","templated":true}]}}