{"id":49,"date":"2025-04-29T22:18:47","date_gmt":"2025-04-29T20:18:47","guid":{"rendered":"https:\/\/epem.org\/?page_id=49"},"modified":"2025-04-30T20:51:56","modified_gmt":"2025-04-30T18:51:56","slug":"bibliographie","status":"publish","type":"page","link":"https:\/\/epem.org\/index.php\/bibliographie\/","title":{"rendered":"Bibliographie"},"content":{"rendered":"\n<p>Liste d&rsquo;ouvrages pour mieux comprendre le m\u00e9thodisme et en particulier sa d\u00e9clinaison en France.<\/p>\n\n\n\n<figure class=\"wp-block-table\"><table><tbody><tr><td><strong>Titre<\/strong><\/td><td><strong>Auteur<\/strong><\/td><td><strong>Langue<\/strong><\/td><\/tr><tr><td>The Women of Methodism<\/td><td>Abel Stevens<\/td><td>Anglais<\/td><\/tr><tr><td>John Wesley&rsquo;s Sermons<\/td><td>Albert C. Outler<\/td><td>Anglais<\/td><\/tr><tr><td>John Wesley&rsquo;s theology today<\/td><td>Colin Wilbur Williams<\/td><td>Anglais<\/td><\/tr><tr><td>John Wesley&rsquo;s Class Meeting<\/td><td>D. Michael Henderson<\/td><td>Anglais<\/td><\/tr><tr><td>Reshaping the mission of Methodism<\/td><td>David Clark<\/td><td>Anglais<\/td><\/tr><tr><td>The life of William Morley Punshon, LL. D<\/td><td>Frederic W. MacDonald<\/td><td>Anglais<\/td><\/tr><tr><td>The story of American Methodism &#8211; a history of the United Methodists and their relations<\/td><td>Frederick Abbott Norwood<\/td><td>Anglais<\/td><\/tr><tr><td>Select sermons of George Whitefield<\/td><td>George Whitefield<\/td><td>Anglais<\/td><\/tr><tr><td>Reasonable enthusiast &#8211; John Wesley and the rise of Methodism<\/td><td>Henry D. Rack<\/td><td>Anglais<\/td><\/tr><tr><td>Memoir of the life and ministry of Mrs. William Bramwell, lately an itinerant Methodist preacher with extracts from his interesting and extensive correspondence<\/td><td>James. Sigston<\/td><td>Anglais<\/td><\/tr><tr><td>John Wesley<\/td><td>John Pollock<\/td><td>Anglais<\/td><\/tr><tr><td>A Plain Account of Christian Perfection<\/td><td>John Wesley<\/td><td>Anglais<\/td><\/tr><tr><td>Sermons on several occasions<\/td><td>John Wesley<\/td><td>Anglais<\/td><\/tr><tr><td>The Journal of John Wesley<\/td><td>John Wesley<\/td><td>Anglais<\/td><\/tr><tr><td>Wesley &#8211; The man, his teaching, and his work<\/td><td>John Wesley<\/td><td>Anglais<\/td><\/tr><tr><td>Reluctant Saint? A Theological Biography of Fletcher of Madeley<\/td><td>Patrick Streiff<\/td><td>Anglais<\/td><\/tr><tr><td>Free Methodist Handbook &#8211; Holiness Teachings of B.T. Roberts<\/td><td>Rev. Benjamin Titus Roberts<\/td><td>Anglais<\/td><\/tr><tr><td>Anti-Methodist publications issued during the eighteenth century<\/td><td>Richard Green<\/td><td>Anglais<\/td><\/tr><tr><td>John Wesley &#8211; his Puritan heritage<\/td><td>Robert C. Monk<\/td><td>Anglais<\/td><\/tr><tr><td>Methodism divided<\/td><td>Robert Currie<\/td><td>Anglais<\/td><\/tr><tr><td>A brand from the burning &#8211; the life of John Wesley<\/td><td>Roy Hattersley<\/td><td>Anglais<\/td><\/tr><tr><td>A history of the Methodist Church in Great Britain \/ Vol. 1-4<\/td><td>Rupert E. Davies<\/td><td>Anglais<\/td><\/tr><tr><td>Methodism<\/td><td>Rupert Eric Davies<\/td><td>Anglais<\/td><\/tr><tr><td>The Transforming Power of Grace<\/td><td>Thomas C. Oden<\/td><td>Anglais<\/td><\/tr><tr><td>A new history of Methodism VOL.I&amp;II<\/td><td>W. J. Townsend<\/td><td>Anglais<\/td><\/tr><tr><td>Lectures<\/td><td>William Morley Punshon<\/td><td>Anglais<\/td><\/tr><tr><td>Le m\u00e9thodisme<\/td><td>Bertrand Jean-Claude<\/td><td>Fran\u00e7ais<\/td><\/tr><tr><td>Vie de William Bramwell (1759-1818) &#8211; histoire d&rsquo;un puissant r\u00e9veil<\/td><td>Charles Challand<\/td><td>Fran\u00e7ais<\/td><\/tr><tr><td>Go!<\/td><td>Daniel Osswald<\/td><td>Fran\u00e7ais<\/td><\/tr><tr><td>En m\u00e9moire du pasteur On\u00e9sime Prunier (1851-1926)<\/td><td>Edmond Gounelle<\/td><td>Fran\u00e7ais<\/td><\/tr><tr><td>Wesley, ap\u00f4tre des foules, pasteur des pauvres<\/td><td>Fadiey Lovsky<\/td><td>Fran\u00e7ais<\/td><\/tr><tr><td>Facettes du m\u00e9thodisme fran\u00e7ais<\/td><td>Jean-Louis Prunier<\/td><td>Fran\u00e7ais<\/td><\/tr><tr><td>John Wesley &#8211; L&rsquo;homme qui ne voulait pas perdre son temps<\/td><td>Jean-Louis Prunier<\/td><td>Fran\u00e7ais<\/td><\/tr><tr><td>Sermons choisis<\/td><td>John Wesley<\/td><td>Fran\u00e7ais<\/td><\/tr><tr><td>John Wesley &#8211; un anglican sans fronti\u00e8res, 1703-1791<\/td><td>Louis J. Rataboul<\/td><td>Fran\u00e7ais<\/td><\/tr><tr><td>A la conqu\u00eate de la vie<\/td><td>Marcel Arnal<\/td><td>Fran\u00e7ais<\/td><\/tr><tr><td>Vers la pl\u00e9nitude de la vie<\/td><td>Marcel Arnal<\/td><td>Fran\u00e7ais<\/td><\/tr><tr><td>Bertin Aguillon, pasteur m\u00e9thodiste, tomb\u00e9 au champ d&rsquo;honneur au service de Dieu et de la France, \u00e0 Hattonch\u00e2tel (Meuse), le&#8230; 20 septembre 1914, notice par Matth. Leli\u00e8vre. &#8211; Le Ruisseau de Dieu<\/td><td>Matthieu Leli\u00e8vre<\/td><td>Fran\u00e7ais<\/td><\/tr><tr><td>John Wesley, sa vie et son oeuvre<\/td><td>Matthieu Leli\u00e8vre<\/td><td>Fran\u00e7ais<\/td><\/tr><tr><td>L\u00a0\u00bbap\u00f4tre des cannibales &#8211; vie de John Hunt missionnaire aux \u00eeles Fidji<\/td><td>Matthieu Leli\u00e8vre<\/td><td>Fran\u00e7ais<\/td><\/tr><tr><td>Les pr\u00e9dicateurs pionniers de l&rsquo;Ouest am\u00e9ricain<\/td><td>Matthieu Leli\u00e8vre<\/td><td>Fran\u00e7ais<\/td><\/tr><tr><td>Un Pr\u00e9curseur du r\u00e9veil &#8211; Pierre Du Pontavice, gentilhomme breton, missionnaire m\u00e9thodiste et pasteur r\u00e9form\u00e9, 1770-1810, notice compos\u00e9e sur des documents en partie in\u00e9dits<\/td><td>Matthieu Leli\u00e8vre<\/td><td>Fran\u00e7ais<\/td><\/tr><tr><td>John Wesley &#8211; Le pr\u00e9dicateur et sa pens\u00e9e th\u00e9ologique d\u2019apr\u00e8s ses sermons<\/td><td>Patrick Streiff<\/td><td>Fran\u00e7ais<\/td><\/tr><tr><td>Chez les P\u00e8res blancs, Tunisie, Kabylie, Sahara<\/td><td>Ren\u00e9 Vanlande<\/td><td>Fran\u00e7ais<\/td><\/tr><tr><td>John Wesley &#8211; Petit Album du M\u00e9thodisme<\/td><td>S. Samou\u00e9lian<\/td><td>Fran\u00e7ais<\/td><\/tr><tr><td>La pr\u00e9existence de J\u00e9sus-Christ<\/td><td>Samuel Samou\u00e9lian<\/td><td>Fran\u00e7ais<\/td><\/tr><tr><td>Le R\u00e9veil m\u00e9thodiste<\/td><td>Samuel Samou\u00e9lian<\/td><td>Fran\u00e7ais<\/td><\/tr><tr><td>La conversion \u00e9vang\u00e9lique de John Wesley (French Edition)<\/td><td>Th\u00e9odore Roux<\/td><td>Fran\u00e7ais<\/td><\/tr><tr><td>La Bonne nouvelle<\/td><td>Th\u00e9ophile Roux<\/td><td>Fran\u00e7ais<\/td><\/tr><tr><td>Le m\u00e9thodisme en France, pour servir \u00e0 l&rsquo;histoire religieuse d&rsquo;hier et d&rsquo;avant-hier<\/td><td>Th\u00e9ophile Roux<\/td><td>Fran\u00e7ais<\/td><\/tr><tr><td>Introduction \u00e0 la Bible<\/td><td>William Henri Guiton<\/td><td>Fran\u00e7ais<\/td><\/tr><tr><td>John Wesley &#8211; esquisse de sa vie et de son \u0153uvre<\/td><td>William Henri Guiton<\/td><td>Fran\u00e7ais<\/td><\/tr><tr><td>Le cri des pierres &#8211; le t\u00e9moignage de l&rsquo;arch\u00e9ologie \u00e0 la Bible (avec illustrations)<\/td><td>William Henri Guiton<\/td><td>Fran\u00e7ais<\/td><\/tr><\/tbody><\/table><\/figure>\n","protected":false},"excerpt":{"rendered":"<p>Liste d&rsquo;ouvrages pour mieux comprendre le m\u00e9thodisme et en particulier sa d\u00e9clinaison en France. Titre Auteur Langue The Women of Methodism Abel Stevens Anglais John Wesley&rsquo;s Sermons Albert C. Outler Anglais John Wesley&rsquo;s theology today Colin Wilbur Williams Anglais John Wesley&rsquo;s Class Meeting D. Michael Henderson Anglais Reshaping the mission of Methodism David Clark Anglais [&hellip;]<\/p>\n","protected":false},"author":1,"featured_media":0,"parent":0,"menu_order":0,"comment_status":"closed","ping_status":"closed","template":"elementor_theme","meta":{"ocean_post_layout":"","ocean_both_sidebars_style":"","ocean_both_sidebars_content_width":0,"ocean_both_sidebars_sidebars_width":0,"ocean_sidebar":"","ocean_second_sidebar":"","ocean_disable_margins":"enable","ocean_add_body_class":"","ocean_shortcode_before_top_bar":"","ocean_shortcode_after_top_bar":"","ocean_shortcode_before_header":"","ocean_shortcode_after_header":"","ocean_has_shortcode":"","ocean_shortcode_after_title":"","ocean_shortcode_before_footer_widgets":"","ocean_shortcode_after_footer_widgets":"","ocean_shortcode_before_footer_bottom":"","ocean_shortcode_after_footer_bottom":"","ocean_display_top_bar":"default","ocean_display_header":"default","ocean_header_style":"","ocean_center_header_left_menu":"","ocean_custom_header_template":"","ocean_custom_logo":0,"ocean_custom_retina_logo":0,"ocean_custom_logo_max_width":0,"ocean_custom_logo_tablet_max_width":0,"ocean_custom_logo_mobile_max_width":0,"ocean_custom_logo_max_height":0,"ocean_custom_logo_tablet_max_height":0,"ocean_custom_logo_mobile_max_height":0,"ocean_header_custom_menu":"","ocean_menu_typo_font_family":"","ocean_menu_typo_font_subset":"","ocean_menu_typo_font_size":0,"ocean_menu_typo_font_size_tablet":0,"ocean_menu_typo_font_size_mobile":0,"ocean_menu_typo_font_size_unit":"px","ocean_menu_typo_font_weight":"","ocean_menu_typo_font_weight_tablet":"","ocean_menu_typo_font_weight_mobile":"","ocean_menu_typo_transform":"","ocean_menu_typo_transform_tablet":"","ocean_menu_typo_transform_mobile":"","ocean_menu_typo_line_height":0,"ocean_menu_typo_line_height_tablet":0,"ocean_menu_typo_line_height_mobile":0,"ocean_menu_typo_line_height_unit":"","ocean_menu_typo_spacing":0,"ocean_menu_typo_spacing_tablet":0,"ocean_menu_typo_spacing_mobile":0,"ocean_menu_typo_spacing_unit":"","ocean_menu_link_color":"","ocean_menu_link_color_hover":"","ocean_menu_link_color_active":"","ocean_menu_link_background":"","ocean_menu_link_hover_background":"","ocean_menu_link_active_background":"","ocean_menu_social_links_bg":"","ocean_menu_social_hover_links_bg":"","ocean_menu_social_links_color":"","ocean_menu_social_hover_links_color":"","ocean_disable_title":"default","ocean_disable_heading":"default","ocean_post_title":"","ocean_post_subheading":"","ocean_post_title_style":"","ocean_post_title_background_color":"","ocean_post_title_background":0,"ocean_post_title_bg_image_position":"","ocean_post_title_bg_image_attachment":"","ocean_post_title_bg_image_repeat":"","ocean_post_title_bg_image_size":"","ocean_post_title_height":0,"ocean_post_title_bg_overlay":0.5,"ocean_post_title_bg_overlay_color":"","ocean_disable_breadcrumbs":"default","ocean_breadcrumbs_color":"","ocean_breadcrumbs_separator_color":"","ocean_breadcrumbs_links_color":"","ocean_breadcrumbs_links_hover_color":"","ocean_display_footer_widgets":"default","ocean_display_footer_bottom":"default","ocean_custom_footer_template":"","osh_disable_topbar_sticky":"default","osh_disable_header_sticky":"default","osh_sticky_header_style":"default","osh_sticky_header_effect":"","osh_custom_sticky_logo":0,"osh_custom_retina_sticky_logo":0,"osh_custom_sticky_logo_height":0,"osh_background_color":"","osh_links_color":"","osh_links_hover_color":"","osh_links_active_color":"","osh_links_bg_color":"","osh_links_hover_bg_color":"","osh_links_active_bg_color":"","osh_menu_social_links_color":"","osh_menu_social_hover_links_color":"","footnotes":""},"class_list":["post-49","page","type-page","status-publish","hentry","entry"],"_links":{"self":[{"href":"https:\/\/epem.org\/index.php\/wp-json\/wp\/v2\/pages\/49","targetHints":{"allow":["GET"]}}],"collection":[{"href":"https:\/\/epem.org\/index.php\/wp-json\/wp\/v2\/pages"}],"about":[{"href":"https:\/\/epem.org\/index.php\/wp-json\/wp\/v2\/types\/page"}],"author":[{"embeddable":true,"href":"https:\/\/epem.org\/index.php\/wp-json\/wp\/v2\/users\/1"}],"replies":[{"embeddable":true,"href":"https:\/\/epem.org\/index.php\/wp-json\/wp\/v2\/comments?post=49"}],"version-history":[{"count":1,"href":"https:\/\/epem.org\/index.php\/wp-json\/wp\/v2\/pages\/49\/revisions"}],"predecessor-version":[{"id":51,"href":"https:\/\/epem.org\/index.php\/wp-json\/wp\/v2\/pages\/49\/revisions\/51"}],"wp:attachment":[{"href":"https:\/\/epem.org\/index.php\/wp-json\/wp\/v2\/media?parent=49"}],"curies":[{"name":"wp","href":"https:\/\/api.w.org\/{rel}","templated":true}]}}