{"id":5,"date":"2025-04-29T16:56:38","date_gmt":"2025-04-29T14:56:38","guid":{"rendered":"https:\/\/epem.org\/?page_id=5"},"modified":"2025-06-12T20:44:10","modified_gmt":"2025-06-12T18:44:10","slug":"epem-notre-histoire","status":"publish","type":"page","link":"https:\/\/epem.org\/index.php\/epem-notre-histoire\/","title":{"rendered":"Notre histoire"},"content":{"rendered":"\t\t<div data-elementor-type=\"wp-page\" data-elementor-id=\"5\" class=\"elementor elementor-5\">\n\t\t\t\t<div class=\"elementor-element elementor-element-6c39f99 e-con-full e-flex e-con e-parent\" data-id=\"6c39f99\" data-element_type=\"container\">\n\t\t<div class=\"elementor-element elementor-element-292f154 e-con-full e-flex e-con e-child\" data-id=\"292f154\" data-element_type=\"container\" data-settings=\"{&quot;background_background&quot;:&quot;classic&quot;}\">\n\t\t\t\t<\/div>\n\t\t<div class=\"elementor-element elementor-element-8c07e99 e-con-full e-flex e-con e-child\" data-id=\"8c07e99\" data-element_type=\"container\">\n\t\t\t\t<div class=\"elementor-element elementor-element-8c10de5 elementor-widget__width-auto elementor-invisible elementor-widget elementor-widget-heading\" data-id=\"8c10de5\" data-element_type=\"widget\" data-settings=\"{&quot;_animation&quot;:&quot;fadeInDown&quot;}\" data-widget_type=\"heading.default\">\n\t\t\t\t<div class=\"elementor-widget-container\">\n\t\t\t\t\t<h1 class=\"elementor-heading-title elementor-size-default\">NOTRE HISTOIRE<\/h1>\t\t\t\t<\/div>\n\t\t\t\t<\/div>\n\t\t\t\t<div class=\"elementor-element elementor-element-f60a01e elementor-widget-divider--view-line elementor-invisible elementor-widget elementor-widget-divider\" data-id=\"f60a01e\" data-element_type=\"widget\" data-settings=\"{&quot;_animation&quot;:&quot;fadeInUp&quot;,&quot;_animation_delay&quot;:200}\" data-widget_type=\"divider.default\">\n\t\t\t\t<div class=\"elementor-widget-container\">\n\t\t\t\t\t\t\t<div class=\"elementor-divider\">\n\t\t\t<span class=\"elementor-divider-separator\">\n\t\t\t\t\t\t<\/span>\n\t\t<\/div>\n\t\t\t\t\t\t<\/div>\n\t\t\t\t<\/div>\n\t\t\t\t<div class=\"elementor-element elementor-element-e587e55 elementor-widget elementor-widget-heading\" data-id=\"e587e55\" data-element_type=\"widget\" data-widget_type=\"heading.default\">\n\t\t\t\t<div class=\"elementor-widget-container\">\n\t\t\t\t\t<h2 class=\"elementor-heading-title elementor-size-default\">Sous-titre \u00e9ventuel plus ou moins long <span style=\"font-family: Cabin, sans-serif; font-size: 20px; font-style: italic; font-variant-ligatures: normal; font-variant-caps: normal; font-weight: 200;\">Sous-titre \u00e9ventuel plus ou moins long <\/span><span style=\"font-family: Cabin, sans-serif; font-size: 20px; font-style: italic; font-variant-ligatures: normal; font-variant-caps: normal; font-weight: 200;\">Sous-titre \u00e9ventuel plus ou moins long.<\/span><\/h2>\t\t\t\t<\/div>\n\t\t\t\t<\/div>\n\t\t\t\t<\/div>\n\t\t\t\t<\/div>\n\t\t<div class=\"elementor-element elementor-element-85e6c2b e-flex e-con-boxed e-con e-parent\" data-id=\"85e6c2b\" data-element_type=\"container\" data-settings=\"{&quot;background_background&quot;:&quot;classic&quot;}\">\n\t\t\t\t\t<div class=\"e-con-inner\">\n\t\t\t\t<div class=\"elementor-element elementor-element-994e53a elementor-invisible elementor-widget elementor-widget-heading\" data-id=\"994e53a\" data-element_type=\"widget\" data-settings=\"{&quot;_animation&quot;:&quot;fadeIn&quot;,&quot;_animation_delay&quot;:400}\" data-widget_type=\"heading.default\">\n\t\t\t\t<div class=\"elementor-widget-container\">\n\t\t\t\t\t<p class=\"elementor-heading-title elementor-size-default\">Lorem ipsum dolor sit amet, consectetur adipiscing elit, sed do eiusmod tempor incididunt <\/p>\t\t\t\t<\/div>\n\t\t\t\t<\/div>\n\t\t\t\t\t<\/div>\n\t\t\t\t<\/div>\n\t\t<div class=\"elementor-element elementor-element-9f18ec9 e-flex e-con-boxed e-con e-parent\" data-id=\"9f18ec9\" data-element_type=\"container\" data-settings=\"{&quot;background_background&quot;:&quot;classic&quot;}\">\n\t\t\t\t\t<div class=\"e-con-inner\">\n\t\t\t\t<div class=\"elementor-element elementor-element-3089bda elementor-invisible elementor-widget elementor-widget-heading\" data-id=\"3089bda\" data-element_type=\"widget\" data-settings=\"{&quot;_animation&quot;:&quot;fadeIn&quot;,&quot;_animation_delay&quot;:400}\" data-widget_type=\"heading.default\">\n\t\t\t\t<div class=\"elementor-widget-container\">\n\t\t\t\t\t<p class=\"elementor-heading-title elementor-size-default\">Lorem ipsum dolor sit amet, consectetur adipiscing elit, sed do eiusmod tempor incididunt <\/p>\t\t\t\t<\/div>\n\t\t\t\t<\/div>\n\t\t\t\t\t<\/div>\n\t\t\t\t<\/div>\n\t\t<div class=\"elementor-element elementor-element-68f5bd3 e-flex e-con-boxed e-con e-parent\" data-id=\"68f5bd3\" data-element_type=\"container\" data-settings=\"{&quot;background_background&quot;:&quot;classic&quot;}\">\n\t\t\t\t\t<div class=\"e-con-inner\">\n\t\t<div class=\"elementor-element elementor-element-4c2b3eb e-con-full e-flex e-con e-child\" data-id=\"4c2b3eb\" data-element_type=\"container\" data-settings=\"{&quot;background_background&quot;:&quot;classic&quot;}\">\n\t\t\t\t<div class=\"elementor-element elementor-element-fd2e502 elementor-invisible elementor-widget elementor-widget-heading\" data-id=\"fd2e502\" data-element_type=\"widget\" data-settings=\"{&quot;_animation&quot;:&quot;fadeInDown&quot;,&quot;_animation_delay&quot;:600}\" data-widget_type=\"heading.default\">\n\t\t\t\t<div class=\"elementor-widget-container\">\n\t\t\t\t\t<h2 class=\"elementor-heading-title elementor-size-default\">Fid\u00e8les \u00e0 la riche tradition m\u00e9thodiste, les communaut\u00e9s qui composent notre union ont choisi de s\u2019unir pour poursuivre ensemble une vision commune de l\u2019\u00c9vangile. <\/h2>\t\t\t\t<\/div>\n\t\t\t\t<\/div>\n\t\t\t\t<div class=\"elementor-element elementor-element-a8475ae elementor-widget-divider--view-line elementor-invisible elementor-widget elementor-widget-divider\" data-id=\"a8475ae\" data-element_type=\"widget\" data-settings=\"{&quot;_animation&quot;:&quot;fadeInUp&quot;,&quot;_animation_delay&quot;:800}\" data-widget_type=\"divider.default\">\n\t\t\t\t<div class=\"elementor-widget-container\">\n\t\t\t\t\t\t\t<div class=\"elementor-divider\">\n\t\t\t<span class=\"elementor-divider-separator\">\n\t\t\t\t\t\t<\/span>\n\t\t<\/div>\n\t\t\t\t\t\t<\/div>\n\t\t\t\t<\/div>\n\t\t\t\t<div class=\"elementor-element elementor-element-870c09a elementor-widget elementor-widget-text-editor\" data-id=\"870c09a\" data-element_type=\"widget\" data-widget_type=\"text-editor.default\">\n\t\t\t\t<div class=\"elementor-widget-container\">\n\t\t\t\t\t\t\t\t\t<p><span style=\"font-size: 14px; color: var( --e-global-color-text );\">Ce projet, n\u00e9 de plusieurs ann\u00e9es de r\u00e9flexion et de collaboration fraternelle, a pris forme la cr\u00e9ation d\u2019une nouvelle structure eccl\u00e9siale.<\/span><\/p>\t\t\t\t\t\t\t\t<\/div>\n\t\t\t\t<\/div>\n\t\t\t\t<\/div>\n\t\t\t\t\t<\/div>\n\t\t\t\t<\/div>\n\t\t<div class=\"elementor-element elementor-element-ee7f58d e-flex e-con-boxed e-con e-parent\" data-id=\"ee7f58d\" data-element_type=\"container\">\n\t\t\t\t\t<div class=\"e-con-inner\">\n\t\t\t\t<div class=\"elementor-element elementor-element-f835c80 animated-slow elementor-invisible elementor-widget elementor-widget-oew-timeline\" data-id=\"f835c80\" data-element_type=\"widget\" data-settings=\"{&quot;_animation&quot;:&quot;fadeIn&quot;,&quot;_animation_delay&quot;:10}\" data-widget_type=\"oew-timeline.default\">\n\t\t\t\t<div class=\"elementor-widget-container\">\n\t\t\t\t\t\n\t\t\t<div class=\"oew-timeline oew-timeline-center\">\n\t\t\t\t<div class=\"oew-timeline-inner\">\n\n\t\t\t\t\t\n\t\t\t\t  \t\t<div class=\"oew-timeline-item oew-timeline-item-left\">\n\t\t\t\t  \t\t\t<div class=\"oew-timeline-item-wrap\">\n\n\t\t\t\t  \t\t\t\t<div class=\"oew-timeline-line\"><span><\/span><\/div>\n\n\t\t\t\t\t  \t\t\t<div class=\"oew-timeline-item-container\">\n\t\t\t\t\t  \t\t\t\t<div class=\"oew-timeline-icon oew-timeline-custom-icon\"><span><\/span><\/div>\n\n\t\t\t\t\t\t  \t\t\t<div class=\"oew-timeline-item-main\">\n\t\t\t\t\t\t  \t\t\t\t<span class=\"oew-timeline-arrow\"><\/span>\n\n\t\t\t\t\t\t  \t\t\t\t\t\t\t\t\t\t\t\t\t  \t\t<div class=\"oew-timeline-thumbnail\">\n\t\t\t\t\t\t\t\t\t\t\t\t<a href=\"\" title=\"MONT\u00c9LIMAR\">\n\t\t\t\t\t\t\t\t\t  \t\t\t\t<img decoding=\"async\" src=\"https:\/\/epem.org\/wp-content\/plugins\/elementor\/assets\/images\/placeholder.png\" alt=\"MONT\u00c9LIMAR\">\n\t\t\t\t\t\t\t\t\t  \t\t\t<\/a>\n\t\t\t\t\t\t\t\t\t  \t\t<\/div>\n\t\t\t\t\t\t\t\t  \t\t\n\t\t\t\t\t\t\t\t  \t\t<div class=\"oew-timeline-desc\">\n\t\t\t\t\t\t\t\t\t\t\t\t\t\t\t\t\t\t\t\t\t\t\t<h4 class=\"oew-timeline-title\">\n\t\t\t\t\t\t\t\t\t\t\t\t\t<a href=\"\" title=\"MONT\u00c9LIMAR\">MONT\u00c9LIMAR<\/a>\n\t\t\t\t\t\t\t\t\t\t\t\t<\/h4>\n\t\t\t\t\t\t\t\t\t\t\t\t\t\t\t\t\t\t\t\t\t\t\t<div class=\"oew-timeline-excerpt\"><p>C\u2019est \u00e0 Mont\u00e9limar en d\u00e9but d\u2019ann\u00e9e 2024, lors d\u2019un rassemblement r\u00e9unissant les repr\u00e9sentants de neuf communaut\u00e9s venues de toute la France, que cette union a officiellement vu le jour.\u00a0<\/p><\/div>\n\t\t\t\t\t\t\t\t\t\t\t\t\t\t\t\t\t\t\t  \t\t<\/div>\n\t\t\t\t\t\t\t\t\t<\/div>\n\t\t\t\t\t\t\t\t<\/div>\n\n\t\t\t\t\t\t\t<\/div>\n\t\t\t\t\t\t<\/div>\n\n\t\t\t\t\t  \t\t\t\t\t\t  \t\t\t\t\t\t  \t\t\t<div class=\"oew-timeline-item\">\n\t\t\t\t\t\t  \t\t<div class=\"oew-timeline-date\"><span>D\u00e9but 2024<\/span><\/div>\n\t\t\t\t\t\t\t<\/div>\n\t\t\t\t\t\t\t\t\t\t\t\t\t<div class=\"oew-timeline-item\">\n\t\t\t\t\t\t  \t\t<div class=\"oew-timeline-date oew-timeline-date-right\"><span>Mai 2024<\/span><\/div>\n\t\t\t\t\t\t\t<\/div>\n\t\t\t\t\t\t\n\t\t\t\t  \t\t<div class=\"oew-timeline-item oew-timeline-item-right\">\n\t\t\t\t  \t\t\t<div class=\"oew-timeline-item-wrap\">\n\n\t\t\t\t  \t\t\t\t<div class=\"oew-timeline-line\"><span><\/span><\/div>\n\n\t\t\t\t\t  \t\t\t<div class=\"oew-timeline-item-container\">\n\t\t\t\t\t  \t\t\t\t<div class=\"oew-timeline-icon oew-timeline-custom-icon\"><span><\/span><\/div>\n\n\t\t\t\t\t\t  \t\t\t<div class=\"oew-timeline-item-main\">\n\t\t\t\t\t\t  \t\t\t\t<span class=\"oew-timeline-arrow\"><\/span>\n\n\t\t\t\t\t\t  \t\t\t\t\t\t\t\t\t\t\t\t\t  \t\t<div class=\"oew-timeline-thumbnail\">\n\t\t\t\t\t\t\t\t\t\t\t\t<a href=\"\" title=\"LYON\">\n\t\t\t\t\t\t\t\t\t  \t\t\t\t<img decoding=\"async\" src=\"https:\/\/epem.org\/wp-content\/plugins\/elementor\/assets\/images\/placeholder.png\" alt=\"LYON\">\n\t\t\t\t\t\t\t\t\t  \t\t\t<\/a>\n\t\t\t\t\t\t\t\t\t  \t\t<\/div>\n\t\t\t\t\t\t\t\t  \t\t\n\t\t\t\t\t\t\t\t  \t\t<div class=\"oew-timeline-desc\">\n\t\t\t\t\t\t\t\t\t\t\t\t\t\t\t\t\t\t\t\t\t\t\t<h4 class=\"oew-timeline-title\">\n\t\t\t\t\t\t\t\t\t\t\t\t\t<a href=\"\" title=\"LYON\">LYON<\/a>\n\t\t\t\t\t\t\t\t\t\t\t\t<\/h4>\n\t\t\t\t\t\t\t\t\t\t\t\t\t\t\t\t\t\t\t\t\t\t\t<div class=\"oew-timeline-excerpt\"><p>Quelques mois plus tard, en mai, la premi\u00e8re assembl\u00e9e g\u00e9n\u00e9rale \u00e0 Lyon de l\u2019union a permis de consolider l\u2019organisation, d\u2019\u00e9lire ses responsables et de confirmer sa mission commune.<\/p><\/div>\n\t\t\t\t\t\t\t\t\t\t\t\t\t\t\t\t\t\t\t  \t\t<\/div>\n\t\t\t\t\t\t\t\t\t<\/div>\n\t\t\t\t\t\t\t\t<\/div>\n\n\t\t\t\t\t\t\t<\/div>\n\t\t\t\t\t\t<\/div>\n\n\t\t\t\t\t  \t\n\t\t\t\t  \t\t<div class=\"oew-timeline-item oew-timeline-item-left\">\n\t\t\t\t  \t\t\t<div class=\"oew-timeline-item-wrap\">\n\n\t\t\t\t  \t\t\t\t<div class=\"oew-timeline-line\"><span><\/span><\/div>\n\n\t\t\t\t\t  \t\t\t<div class=\"oew-timeline-item-container\">\n\t\t\t\t\t  \t\t\t\t<div class=\"oew-timeline-icon oew-timeline-custom-icon\"><span><\/span><\/div>\n\n\t\t\t\t\t\t  \t\t\t<div class=\"oew-timeline-item-main\">\n\t\t\t\t\t\t  \t\t\t\t<span class=\"oew-timeline-arrow\"><\/span>\n\n\t\t\t\t\t\t  \t\t\t\t\t\t\t\t\t\t\t\t\t  \t\t<div class=\"oew-timeline-thumbnail\">\n\t\t\t\t\t\t\t\t\t\t\t\t<a href=\"\" title=\"\">\n\t\t\t\t\t\t\t\t\t  \t\t\t\t<img decoding=\"async\" src=\"https:\/\/epem.org\/wp-content\/plugins\/elementor\/assets\/images\/placeholder.png\" alt=\"\">\n\t\t\t\t\t\t\t\t\t  \t\t\t<\/a>\n\t\t\t\t\t\t\t\t\t  \t\t<\/div>\n\t\t\t\t\t\t\t\t  \t\t\n\t\t\t\t\t\t\t\t  \t\t<div class=\"oew-timeline-desc\">\n\t\t\t\t\t\t\t\t\t\t\t\t\t\t\t\t\t\t\t\t\t\t\t<h4 class=\"oew-timeline-title\">\n\t\t\t\t\t\t\t\t\t\t\t\t\t<a href=\"\" title=\"\"><\/a>\n\t\t\t\t\t\t\t\t\t\t\t\t<\/h4>\n\t\t\t\t\t\t\t\t\t\t\t\t\t\t\t\t\t\t\t\t\t\t\t<div class=\"oew-timeline-excerpt\"><p>Aujourd\u2019hui, les <strong>\u00c9glises locales qui la composent partagent une m\u00eame foi<\/strong> et un profond attachement \u00e0 l\u2019h\u00e9ritage m\u00e9thodiste. Elles s\u2019engagent \u00e0 rester solidement ancr\u00e9es dans les principes bibliques tout en accompagnant chaque communaut\u00e9 dans son cheminement. Fortes de cette unit\u00e9, elles avancent avec s\u00e9r\u00e9nit\u00e9, d\u00e9termin\u00e9es \u00e0 refl\u00e9ter la lumi\u00e8re de Christ et \u00e0 proclamer l\u2019\u00c9vangile avec paix et esp\u00e9rance.<\/p><\/div>\n\t\t\t\t\t\t\t\t\t\t\t\t\t\t\t\t\t\t\t  \t\t<\/div>\n\t\t\t\t\t\t\t\t\t<\/div>\n\t\t\t\t\t\t\t\t<\/div>\n\n\t\t\t\t\t\t\t<\/div>\n\t\t\t\t\t\t<\/div>\n\n\t\t\t\t\t  \t\t\t\t\t\t  \t\t\t\t\t\t  \t\t\t<div class=\"oew-timeline-item\">\n\t\t\t\t\t\t  \t\t<div class=\"oew-timeline-date\"><span>Aujourd&#039;hui<\/span><\/div>\n\t\t\t\t\t\t\t<\/div>\n\t\t\t\t\t\t\n\t\t\t\t<\/div>\n\t\t\t<\/div>\n\n\t\t\t\t\t\t<\/div>\n\t\t\t\t<\/div>\n\t\t\t\t\t<\/div>\n\t\t\t\t<\/div>\n\t\t<div class=\"elementor-element elementor-element-992192e e-flex e-con-boxed e-con e-parent\" data-id=\"992192e\" data-element_type=\"container\" data-settings=\"{&quot;background_background&quot;:&quot;classic&quot;,&quot;shape_divider_top&quot;:&quot;tilt&quot;}\">\n\t\t\t\t\t<div class=\"e-con-inner\">\n\t\t\t\t<div class=\"elementor-shape elementor-shape-top\" aria-hidden=\"true\" data-negative=\"false\">\n\t\t\t<svg xmlns=\"http:\/\/www.w3.org\/2000\/svg\" viewBox=\"0 0 1000 100\" preserveAspectRatio=\"none\">\n\t<path class=\"elementor-shape-fill\" d=\"M0,6V0h1000v100L0,6z\"\/>\n<\/svg>\t\t<\/div>\n\t\t<div class=\"elementor-element elementor-element-6e3e221 e-con-full e-flex e-con e-child\" data-id=\"6e3e221\" data-element_type=\"container\">\n\t\t\t\t<div class=\"elementor-element elementor-element-fe1fbf0 elementor-widget elementor-widget-image\" data-id=\"fe1fbf0\" data-element_type=\"widget\" data-widget_type=\"image.default\">\n\t\t\t\t<div class=\"elementor-widget-container\">\n\t\t\t\t\t\t\t\t\t\t\t\t\t\t\t<img decoding=\"async\" src=\"https:\/\/epem.org\/wp-content\/plugins\/elementor\/assets\/images\/placeholder.png\" title=\"\" alt=\"\" loading=\"lazy\" \/>\t\t\t\t\t\t\t\t\t\t\t\t\t\t\t<\/div>\n\t\t\t\t<\/div>\n\t\t\t\t<div class=\"elementor-element elementor-element-a1b69aa elementor-widget elementor-widget-button\" data-id=\"a1b69aa\" data-element_type=\"widget\" data-widget_type=\"button.default\">\n\t\t\t\t<div class=\"elementor-widget-container\">\n\t\t\t\t\t\t\t\t\t<div class=\"elementor-button-wrapper\">\n\t\t\t\t\t<a class=\"elementor-button elementor-button-link elementor-size-sm\" href=\"#\">\n\t\t\t\t\t\t<span class=\"elementor-button-content-wrapper\">\n\t\t\t\t\t\t\t\t\t<span class=\"elementor-button-text\">Toutes nos \u00e9glises<\/span>\n\t\t\t\t\t<\/span>\n\t\t\t\t\t<\/a>\n\t\t\t\t<\/div>\n\t\t\t\t\t\t\t\t<\/div>\n\t\t\t\t<\/div>\n\t\t\t\t<\/div>\n\t\t\t\t\t<\/div>\n\t\t\t\t<\/div>\n\t\t<div class=\"elementor-element elementor-element-f3c092c e-flex e-con-boxed e-con e-parent\" data-id=\"f3c092c\" data-element_type=\"container\">\n\t\t\t\t\t<div class=\"e-con-inner\">\n\t\t\t\t<div class=\"elementor-element elementor-element-e15c1c1 elementor-widget elementor-widget-text-editor\" data-id=\"e15c1c1\" data-element_type=\"widget\" data-widget_type=\"text-editor.default\">\n\t\t\t\t<div class=\"elementor-widget-container\">\n\t\t\t\t\t\t\t\t\t<p><span style=\"text-decoration: underline;\"><em><strong>TEXTE INITIAL<\/strong><\/em><\/span><\/p><p>Fid\u00e8les \u00e0 la riche tradition m\u00e9thodiste, les communaut\u00e9s qui composent notre union ont choisi de s\u2019unir pour poursuivre ensemble une vision commune de l\u2019\u00c9vangile.\u00a0<\/p><p>Ce projet, n\u00e9 de plusieurs ann\u00e9es de r\u00e9flexion et de collaboration fraternelle, a pris forme la cr\u00e9ation d\u2019une nouvelle structure eccl\u00e9siale. C\u2019est \u00e0 Mont\u00e9limar en d\u00e9but d\u2019ann\u00e9e 2024, lors d\u2019un rassemblement r\u00e9unissant les repr\u00e9sentants de neuf communaut\u00e9s venues de toute la France, que cette union a officiellement vu le jour.\u00a0<\/p><p>Quelques mois plus tard, en mai, la premi\u00e8re assembl\u00e9e g\u00e9n\u00e9rale \u00e0 Lyon de l\u2019union a permis de consolider l\u2019organisation, d\u2019\u00e9lire ses responsables et de confirmer sa mission commune.<\/p><p>Aujourd\u2019hui, les \u00c9glises locales qui la composent partagent une m\u00eame foi et un profond attachement \u00e0 l\u2019h\u00e9ritage m\u00e9thodiste. Elles s\u2019engagent \u00e0 rester solidement ancr\u00e9es dans les principes bibliques tout en accompagnant chaque communaut\u00e9 dans son cheminement. Fortes de cette unit\u00e9, elles avancent avec s\u00e9r\u00e9nit\u00e9, d\u00e9termin\u00e9es \u00e0 refl\u00e9ter la lumi\u00e8re de Christ et \u00e0 proclamer l\u2019\u00c9vangile avec paix et esp\u00e9rance.<\/p>\t\t\t\t\t\t\t\t<\/div>\n\t\t\t\t<\/div>\n\t\t\t\t\t<\/div>\n\t\t\t\t<\/div>\n\t\t\t\t<\/div>\n\t\t","protected":false},"excerpt":{"rendered":"<p>NOTRE HISTOIRE Sous-titre \u00e9ventuel plus ou moins long Sous-titre \u00e9ventuel plus ou moins long Sous-titre \u00e9ventuel plus ou moins long. Lorem ipsum dolor sit amet, consectetur adipiscing elit, sed do eiusmod tempor incididunt Lorem ipsum dolor sit amet, consectetur adipiscing elit, sed do eiusmod tempor incididunt Fid\u00e8les \u00e0 la riche tradition m\u00e9thodiste, les communaut\u00e9s qui [&hellip;]<\/p>\n","protected":false},"author":1,"featured_media":0,"parent":0,"menu_order":0,"comment_status":"closed","ping_status":"closed","template":"","meta":{"ocean_post_layout":"","ocean_both_sidebars_style":"","ocean_both_sidebars_content_width":0,"ocean_both_sidebars_sidebars_width":0,"ocean_sidebar":"","ocean_second_sidebar":"","ocean_disable_margins":"enable","ocean_add_body_class":"","ocean_shortcode_before_top_bar":"","ocean_shortcode_after_top_bar":"","ocean_shortcode_before_header":"","ocean_shortcode_after_header":"","ocean_has_shortcode":"","ocean_shortcode_after_title":"","ocean_shortcode_before_footer_widgets":"","ocean_shortcode_after_footer_widgets":"","ocean_shortcode_before_footer_bottom":"","ocean_shortcode_after_footer_bottom":"","ocean_display_top_bar":"default","ocean_display_header":"default","ocean_header_style":"","ocean_center_header_left_menu":"","ocean_custom_header_template":"","ocean_custom_logo":0,"ocean_custom_retina_logo":0,"ocean_custom_logo_max_width":0,"ocean_custom_logo_tablet_max_width":0,"ocean_custom_logo_mobile_max_width":0,"ocean_custom_logo_max_height":0,"ocean_custom_logo_tablet_max_height":0,"ocean_custom_logo_mobile_max_height":0,"ocean_header_custom_menu":"","ocean_menu_typo_font_family":"","ocean_menu_typo_font_subset":"","ocean_menu_typo_font_size":0,"ocean_menu_typo_font_size_tablet":0,"ocean_menu_typo_font_size_mobile":0,"ocean_menu_typo_font_size_unit":"px","ocean_menu_typo_font_weight":"","ocean_menu_typo_font_weight_tablet":"","ocean_menu_typo_font_weight_mobile":"","ocean_menu_typo_transform":"","ocean_menu_typo_transform_tablet":"","ocean_menu_typo_transform_mobile":"","ocean_menu_typo_line_height":0,"ocean_menu_typo_line_height_tablet":0,"ocean_menu_typo_line_height_mobile":0,"ocean_menu_typo_line_height_unit":"","ocean_menu_typo_spacing":0,"ocean_menu_typo_spacing_tablet":0,"ocean_menu_typo_spacing_mobile":0,"ocean_menu_typo_spacing_unit":"","ocean_menu_link_color":"","ocean_menu_link_color_hover":"","ocean_menu_link_color_active":"","ocean_menu_link_background":"","ocean_menu_link_hover_background":"","ocean_menu_link_active_background":"","ocean_menu_social_links_bg":"","ocean_menu_social_hover_links_bg":"","ocean_menu_social_links_color":"","ocean_menu_social_hover_links_color":"","ocean_disable_title":"default","ocean_disable_heading":"default","ocean_post_title":"","ocean_post_subheading":"","ocean_post_title_style":"","ocean_post_title_background_color":"","ocean_post_title_background":0,"ocean_post_title_bg_image_position":"","ocean_post_title_bg_image_attachment":"","ocean_post_title_bg_image_repeat":"","ocean_post_title_bg_image_size":"","ocean_post_title_height":0,"ocean_post_title_bg_overlay":0.5,"ocean_post_title_bg_overlay_color":"","ocean_disable_breadcrumbs":"default","ocean_breadcrumbs_color":"","ocean_breadcrumbs_separator_color":"","ocean_breadcrumbs_links_color":"","ocean_breadcrumbs_links_hover_color":"","ocean_display_footer_widgets":"default","ocean_display_footer_bottom":"default","ocean_custom_footer_template":"","osh_disable_topbar_sticky":"default","osh_disable_header_sticky":"default","osh_sticky_header_style":"default","osh_sticky_header_effect":"","osh_custom_sticky_logo":0,"osh_custom_retina_sticky_logo":0,"osh_custom_sticky_logo_height":0,"osh_background_color":"","osh_links_color":"","osh_links_hover_color":"","osh_links_active_color":"","osh_links_bg_color":"","osh_links_hover_bg_color":"","osh_links_active_bg_color":"","osh_menu_social_links_color":"","osh_menu_social_hover_links_color":"","footnotes":""},"class_list":["post-5","page","type-page","status-publish","hentry","entry"],"_links":{"self":[{"href":"https:\/\/epem.org\/index.php\/wp-json\/wp\/v2\/pages\/5","targetHints":{"allow":["GET"]}}],"collection":[{"href":"https:\/\/epem.org\/index.php\/wp-json\/wp\/v2\/pages"}],"about":[{"href":"https:\/\/epem.org\/index.php\/wp-json\/wp\/v2\/types\/page"}],"author":[{"embeddable":true,"href":"https:\/\/epem.org\/index.php\/wp-json\/wp\/v2\/users\/1"}],"replies":[{"embeddable":true,"href":"https:\/\/epem.org\/index.php\/wp-json\/wp\/v2\/comments?post=5"}],"version-history":[{"count":128,"href":"https:\/\/epem.org\/index.php\/wp-json\/wp\/v2\/pages\/5\/revisions"}],"predecessor-version":[{"id":450,"href":"https:\/\/epem.org\/index.php\/wp-json\/wp\/v2\/pages\/5\/revisions\/450"}],"wp:attachment":[{"href":"https:\/\/epem.org\/index.php\/wp-json\/wp\/v2\/media?parent=5"}],"curies":[{"name":"wp","href":"https:\/\/api.w.org\/{rel}","templated":true}]}}